{"id":305,"date":"2017-12-03T11:14:45","date_gmt":"2017-12-03T10:14:45","guid":{"rendered":"http:\/\/www.asociacebozp-po.cz\/portal\/?page_id=305"},"modified":"2018-04-29T19:20:43","modified_gmt":"2018-04-29T17:20:43","slug":"prohlaseni-o-pristupnosti","status":"publish","type":"page","link":"https:\/\/www.asociacebozp-po.cz\/portal\/prohlaseni-o-pristupnosti\/","title":{"rendered":"Prohl\u00e1\u0161en\u00ed o p\u0159\u00edstupnosti"},"content":{"rendered":"<p>Webov\u00e9 str\u00e1nky &#8222;Asociace&#8230;&#8220; p\u0159in\u00e1\u0161ej\u00ed d\u016fle\u017eit\u00e9 informace v\u0161em z\u00e1jemc\u016fm. P\u0159i jejich tvorb\u011b se sna\u017e\u00edme o maxim\u00e1ln\u00ed p\u0159\u00edstupnost obsahu.<\/p>\n<p>Web vyu\u017e\u00edv\u00e1 pro sv\u016fj chod <strong>Open Source<\/strong> <em>(<a href=\"https:\/\/cs.wikipedia.org\/wiki\/Otev%C5%99en%C3%BD_software\" target=\"_blank\" rel=\"noopener noreferrer\">otev\u0159en\u00fd software<\/a>)<\/em> <strong>CMS<\/strong> <em>(Content Management System = syst\u00e9m pro spr\u00e1vu obsahu)<\/em> <a href=\"http:\/\/www.wordpress.org\/\" target=\"_blank\" rel=\"noopener noreferrer\"><strong>WordPress<\/strong><\/a>.<\/p>\n<p>Str\u00e1nky jsou navr\u017eeny s ohledem na \u010desk\u00e1 <a href=\"http:\/\/www.pristupnost.cz\/jak-tvorit-pristupny-web\/pravidla-pristupnosti\/ceska-pravidla-pristupnosti\/\" target=\"_blank\" rel=\"noopener noreferrer\">Pravidla tvorby p\u0159\u00edstupn\u00e9ho webu<\/a>.<\/p>\n<ul>\n<li>Struktura webu i obsahu je vytvo\u0159ena struktur\u00e1ln\u00edm HTML5.<\/li>\n<li>Vizu\u00e1ln\u00ed vzhled prezentace pomoc\u00ed kask\u00e1dov\u00fdch styl\u016f (CSS).<\/li>\n<li>Pro spr\u00e1vnou funk\u010dnost HTML5 je na str\u00e1nk\u00e1ch um\u00edst\u011bn JavaScript.<\/li>\n<li>Str\u00e1nky jsou p\u0159ipraveny tak, aby byly bez neadekv\u00e1tn\u00edch omezen\u00ed pou\u017eiteln\u00e9 s vypnut\u00fdmi styly, skripty i obr\u00e1zky.<\/li>\n<li>Texty &#8211; ve\u0161ker\u00e9 zve\u0159ejn\u011bn\u00e9 texty jsou definov\u00e1ny v relativn\u00edch jednotk\u00e1ch a je mo\u017eno libovoln\u011b upravovat jejich velikost pomoc\u00ed standardn\u00edch n\u00e1stroj\u016f internetov\u00e9ho prohl\u00ed\u010de\u017ee (Ctrl + posun kole\u010dkem my\u0161i).<\/li>\n<li>Tisk &#8211; Sou\u010d\u00e1st\u00ed webov\u00fdch str\u00e1nek je tak\u00e9 CSS styl pro tiskovou verzi. V\u0161echny str\u00e1nky jsou tisknuteln\u00e9 bez jak\u00fdchkoliv omezen\u00ed standardn\u00edmi prost\u0159edky internetov\u00e9ho prohl\u00ed\u017ee\u010de (kl\u00e1vesovou zkratkou Ctrl+P nebo p\u0159es menu Soubor \u2013 Tisk).<\/li>\n<li>Nez\u00e1vislost na vstupn\u00edm za\u0159\u00edzen\u00ed &#8211; Ovl\u00e1d\u00e1n\u00ed zv\u011b\u0159ejn\u011bn\u00fdch str\u00e1nek nen\u00ed omezeno druhem vstupn\u00edho za\u0159\u00edzen\u00ed. K obsahu se lze tedy dostat jak s pomoc\u00ed my\u0161i, tak i kl\u00e1vesnice.<\/li>\n<li>Nez\u00e1vislost na v\u00fdstupn\u00edm za\u0159\u00edzen\u00ed &#8211; P\u0159\u00edstup k obsahu webov\u00fdch str\u00e1nek nen\u00ed z\u00e1visl\u00fd na pou\u017eit\u00ed ur\u010dit\u00e9ho typu v\u00fdstupn\u00edho za\u0159\u00edzen\u00ed. A\u0165 u\u017e se jedn\u00e1 o alternativn\u00ed internetov\u00fd prohl\u00ed\u017ee\u010d, textov\u00fd prohl\u00ed\u017ee\u010d, PDA, chytr\u00fd telefon a nebo hlasovou \u010dte\u010dku.<\/li>\n<li>Na na\u0161em serveru jsou informace nab\u00edzeny i v podob\u011b dokument\u016f form\u00e1tu PDF, XLS, XLSX, DOC, DOCX, RTF, PPT (a jejich konkr\u00e9tn\u00edch verz\u00ed). K prohl\u00ed\u017een\u00ed t\u011bchto dokument\u016f, je mo\u017en\u00e9 si zdarma st\u00e1hnout tyto prohl\u00ed\u017ee\u010de:\n<ul>\n<li>pro form\u00e1t PDF: Adobe Reader<\/li>\n<li>pro form\u00e1t DOC(X): Prohl\u00ed\u017ee\u010d Word Viewer<\/li>\n<li>pro form\u00e1t XLS(S): Prohl\u00ed\u017ee\u010d Excel Viewer<\/li>\n<li>pro form\u00e1t PPT: Prohl\u00ed\u017ee\u010d PowerPoint Viewer<\/li>\n<\/ul>\n<\/li>\n<\/ul>\n<p>&nbsp;<\/p>\n<ul>\n<li>\u00dadaje o n\u00e1v\u0161t\u011bvnosti webu shroma\u017e\u010fuje skript spole\u010dnosti Toplist.cz.<\/li>\n<li>Provozovatel nenese \u017e\u00e1dnou odpov\u011bdnost za p\u0159\u00edpadn\u00e9 \u0161kody, kter\u00e9 u\u017eivatel\u016fm mohou vzniknout v souvislosti s u\u017e\u00edv\u00e1n\u00edm str\u00e1nek.<\/li>\n<li>Kontakt na webmastera &#8211; P\u0159es ve\u0161kerou na\u0161i snahu je mo\u017en\u00e9, \u017ee se na na\u0161ich webov\u00fdch st\u00e1nk\u00e1ch vyskytne chyba. V p\u0159\u00edpad\u011b jak\u00fdchkoliv probl\u00e9m\u016f s p\u0159\u00edstupnost\u00ed obsahu \u010di funk\u010dnosti tohoto webu kontaktujte pros\u00edm <a href=\"mailto:aletic@gmail.com\">spr\u00e1vce webu<\/a>.<\/li>\n<\/ul>\n","protected":false},"excerpt":{"rendered":"<p>Webov\u00e9 str\u00e1nky &#8222;Asociace&#8230;&#8220; p\u0159in\u00e1\u0161ej\u00ed d\u016fle\u017eit\u00e9 informace v\u0161em z\u00e1jemc\u016fm. P\u0159i jejich tvorb\u011b se sna\u017e\u00edme o maxim\u00e1ln\u00ed p\u0159\u00edstupnost obsahu. Web vyu\u017e\u00edv\u00e1 pro sv\u016fj chod Open Source (otev\u0159en\u00fd software) CMS (Content Management System = syst\u00e9m pro spr\u00e1vu obsahu) WordPress. Str\u00e1nky jsou navr\u017eeny s<\/p>\n","protected":false},"author":1,"featured_media":0,"parent":0,"menu_order":24,"comment_status":"closed","ping_status":"closed","template":"","meta":{"footnotes":""},"class_list":["post-305","page","type-page","status-publish","hentry"],"_links":{"self":[{"href":"https:\/\/www.asociacebozp-po.cz\/portal\/wp-json\/wp\/v2\/pages\/305","targetHints":{"allow":["GET"]}}],"collection":[{"href":"https:\/\/www.asociacebozp-po.cz\/portal\/wp-json\/wp\/v2\/pages"}],"about":[{"href":"https:\/\/www.asociacebozp-po.cz\/portal\/wp-json\/wp\/v2\/types\/page"}],"author":[{"embeddable":true,"href":"https:\/\/www.asociacebozp-po.cz\/portal\/wp-json\/wp\/v2\/users\/1"}],"replies":[{"embeddable":true,"href":"https:\/\/www.asociacebozp-po.cz\/portal\/wp-json\/wp\/v2\/comments?post=305"}],"version-history":[{"count":0,"href":"https:\/\/www.asociacebozp-po.cz\/portal\/wp-json\/wp\/v2\/pages\/305\/revisions"}],"wp:attachment":[{"href":"https:\/\/www.asociacebozp-po.cz\/portal\/wp-json\/wp\/v2\/media?parent=305"}],"curies":[{"name":"wp","href":"https:\/\/api.w.org\/{rel}","templated":true}]}}