{"id":356,"date":"2017-12-05T11:17:17","date_gmt":"2017-12-05T10:17:17","guid":{"rendered":"http:\/\/www.asociacebozp-po.cz\/portal\/prihlaska-na-kurz-bozp-k-prvni-zkousce\/"},"modified":"2018-04-29T19:20:43","modified_gmt":"2018-04-29T17:20:43","slug":"prihlaska-na-kurz-ke-zkousce-technik-po","status":"publish","type":"page","link":"https:\/\/www.asociacebozp-po.cz\/portal\/prihlaska-na-kurz-ke-zkousce-technik-po\/","title":{"rendered":"P\u0159ihl\u00e1\u0161ka na kurz ke zkou\u0161ce Technik PO"},"content":{"rendered":"<p>[contact-form-7 id=&#8220;396&#8243; title=&#8220;P\u0159ihl\u00e1\u0161ka PO 5 denn\u00ed&#8220;]<\/p>\n","protected":false},"excerpt":{"rendered":"<p>[contact-form-7 id=&#8220;396&#8243; title=&#8220;P\u0159ihl\u00e1\u0161ka PO 5 denn\u00ed&#8220;]<\/p>\n","protected":false},"author":1,"featured_media":0,"parent":0,"menu_order":18,"comment_status":"closed","ping_status":"closed","template":"","meta":{"footnotes":""},"class_list":["post-356","page","type-page","status-publish","hentry"],"_links":{"self":[{"href":"https:\/\/www.asociacebozp-po.cz\/portal\/wp-json\/wp\/v2\/pages\/356","targetHints":{"allow":["GET"]}}],"collection":[{"href":"https:\/\/www.asociacebozp-po.cz\/portal\/wp-json\/wp\/v2\/pages"}],"about":[{"href":"https:\/\/www.asociacebozp-po.cz\/portal\/wp-json\/wp\/v2\/types\/page"}],"author":[{"embeddable":true,"href":"https:\/\/www.asociacebozp-po.cz\/portal\/wp-json\/wp\/v2\/users\/1"}],"replies":[{"embeddable":true,"href":"https:\/\/www.asociacebozp-po.cz\/portal\/wp-json\/wp\/v2\/comments?post=356"}],"version-history":[{"count":0,"href":"https:\/\/www.asociacebozp-po.cz\/portal\/wp-json\/wp\/v2\/pages\/356\/revisions"}],"wp:attachment":[{"href":"https:\/\/www.asociacebozp-po.cz\/portal\/wp-json\/wp\/v2\/media?parent=356"}],"curies":[{"name":"wp","href":"https:\/\/api.w.org\/{rel}","templated":true}]}}