{"id":95,"date":"2017-12-02T14:43:53","date_gmt":"2017-12-02T13:43:53","guid":{"rendered":"http:\/\/www.asociacebozp-po.cz\/portal\/?page_id=95"},"modified":"2022-10-17T16:52:53","modified_gmt":"2022-10-17T14:52:53","slug":"soubory-ke-stazeni-bozp","status":"publish","type":"page","link":"https:\/\/www.asociacebozp-po.cz\/portal\/soubory-ke-stazeni-bozp\/","title":{"rendered":"Soubory ke sta\u017een\u00ed"},"content":{"rendered":"<table>\n<tbody>\n<tr>\n<td style=\"background-color: #ebf0a3;\" colspan=\"3\"><strong>ODBORN\u00c9 SEMIN\u00c1\u0158E:<\/strong><\/td>\n<\/tr>\n<tr>\n<td style=\"background-color: #f2f2f2;\">POZV\u00c1NKA<\/td>\n<td style=\"background-color: #f2f2f2;\" colspan=\"2\">bli\u017e\u0161\u00ed informace a p\u0159ihl\u00e1\u0161ka<\/td>\n<\/tr>\n<tr>\n<td style=\"background-color: #f2f2f2; text-align: right;\" colspan=\"3\"><a href=\"http:\/\/www.asociacebozp-po.cz\/portal\/prihlaska-na-akci\/\">ONLINE P\u0158IHL\u00c1\u0160KA<\/a><\/td>\n<\/tr>\n<\/tbody>\n<\/table>\n<p>&nbsp;<\/p>\n<table>\n<tbody>\n<tr>\n<td style=\"background-color: #ebf0a3;\" colspan=\"2\"><strong>ZKOU\u0160KY A P\u0158\u00cdPRAVN\u00c9 KURZY<\/strong><\/td>\n<\/tr>\n<tr>\n<td colspan=\"2\">&nbsp;<\/td>\n<\/tr>\n<tr>\n<td style=\"background-color: #2a4187;\" colspan=\"2\"><span style=\"color: #ffffff;\"><strong>B O Z P<\/strong><\/span><\/td>\n<\/tr>\n<tr>\n<td style=\"background-color: #a3f0f0;\" colspan=\"2\"><strong>P\u0159\u00edpravn\u00e9 kurzy ke zkou\u0161k\u00e1m:<\/strong><\/td>\n<\/tr>\n<tr>\n<td style=\"background-color: #f2f2f2;\"><a href=\"http:\/\/www.asociacebozp-po.cz\/portal\/pripravny-kurz-ke-zkouskam-odborne-zpusobilosti-k-vykonu-funkce-osoby-odborne-zpusobile-v-prevenci-rizik\/\">POZV\u00c1NKA<\/a><\/td>\n<td style=\"background-color: #f2f2f2;\">bli\u017e\u0161\u00ed informace a p\u0159ihl\u00e1\u0161ka na p\u0159\u00edpravn\u00fd <strong>p\u011btidenn\u00ed<\/strong> kurz z\u00e1jemc\u016f k&nbsp;vykon\u00e1n\u00ed <strong>prvn\u00ed zkou\u0161ky<\/strong><\/td>\n<\/tr>\n<tr>\n<td style=\"background-color: #f2f2f2; text-align: right;\" colspan=\"2\"><a href=\"http:\/\/www.asociacebozp-po.cz\/portal\/prihlaska-na-akci\/\" rel=\"noopener\">ONLINE P\u0158IHL\u00c1\u0160KA<\/a><\/td>\n<\/tr>\n<tr>\n<td colspan=\"2\">&nbsp;<\/td>\n<\/tr>\n<tr>\n<td style=\"background-color: #f2f2f2;\"><a href=\"http:\/\/www.asociacebozp-po.cz\/portal\/pripravny-kurz-ke-zkouskam-odborne-zpusobilosti-k-vykonu-funkce-osoby-odborne-zpusobile-v-prevenci-rizik\/\">POZV\u00c1NKA<\/a><\/td>\n<td style=\"background-color: #f2f2f2;\">bli\u017e\u0161\u00ed informace a p\u0159ihl\u00e1\u0161ka na p\u0159\u00edpravn\u00fd <strong>dvoudenn\u00ed<\/strong> kurz z\u00e1jemc\u016f k&nbsp;vykon\u00e1n\u00ed <strong>periodick\u00e9 zkou\u0161ky<\/strong><\/td>\n<\/tr>\n<tr>\n<td style=\"background-color: #f2f2f2; text-align: right;\" colspan=\"2\"><a href=\"http:\/\/www.asociacebozp-po.cz\/portal\/prihlaska-na-akci\/\" rel=\"noopener\">ONLINE P\u0158IHL\u00c1\u0160KA<\/a><\/td>\n<\/tr>\n<tr>\n<td colspan=\"2\">&nbsp;<\/td>\n<\/tr>\n<tr>\n<td style=\"background-color: #a3f0f0;\" colspan=\"2\"><strong>Zkou\u0161ky odborn\u00e9 zp\u016fsobilosti v prevenci rizik <\/strong>(dle z\u00e1kona \u010d. 309\/2006 Sb. v&nbsp;platn\u00e9m zn\u011bn\u00ed)<\/td>\n<\/tr>\n<tr>\n<td style=\"background-color: #f2f2f2;\" colspan=\"2\"><strong>ZKOU\u0160KA<\/strong> (prvn\u00ed)<\/td>\n<\/tr>\n<tr>\n<td style=\"background-color: #f2f2f2;\" colspan=\"2\"><a href=\"https:\/\/www.asociacebozp-po.cz\/portal\/wp-content\/plugins\/download-attachments\/includes\/download.php?id=1853\" attachment_id=\"1853\" title=\"Informace k prvn\u00ed zkou\u0161ce\" class=\"da-download-link da-download-attachment-1853\">Informace k prvn\u00ed zkou\u0161ce<\/a> a k p\u0159ihl\u00e1\u0161en\u00ed na zkou\u0161ku<\/td>\n<\/tr>\n<tr>\n<td style=\"background-color: #f2f2f2;\" colspan=\"2\"><a href=\"https:\/\/www.asociacebozp-po.cz\/portal\/wp-content\/plugins\/download-attachments\/includes\/download.php?id=1856\" attachment_id=\"1856\" title=\"Soubor \u00fastn\u00edch ot\u00e1zek\" class=\"da-download-link da-download-attachment-1856\">Soubor \u00fastn\u00edch ot\u00e1zek<\/a> k prvn\u00ed zkou\u0161ce z odborn\u00e9 zp\u016fsobilosti k zaji\u0161\u0165ov\u00e1n\u00ed \u00fakol\u016f v prevenci rizik<\/td>\n<\/tr>\n<tr>\n<td colspan=\"2\">&nbsp;<\/td>\n<\/tr>\n<tr>\n<td style=\"background-color: #f2f2f2;\" colspan=\"2\"><strong>PERIODICK\u00c1 ZKOU\u0160KA<\/strong><\/td>\n<\/tr>\n<tr>\n<td style=\"background-color: #f2f2f2;\" colspan=\"2\"><a href=\"https:\/\/www.asociacebozp-po.cz\/portal\/wp-content\/plugins\/download-attachments\/includes\/download.php?id=1854\" attachment_id=\"1854\" title=\"Informace k periodick\u00e9 zkou\u0161ce\" class=\"da-download-link da-download-attachment-1854\">Informace k periodick\u00e9 zkou\u0161ce<\/a> a k p\u0159ihl\u00e1\u0161en\u00ed na zkou\u0161ku<\/td>\n<\/tr>\n<tr>\n<td style=\"background-color: #f2f2f2;\" colspan=\"2\"><a href=\"https:\/\/www.asociacebozp-po.cz\/portal\/wp-content\/plugins\/download-attachments\/includes\/download.php?id=1857\" attachment_id=\"1857\" title=\"Soubor \u00fastn\u00edch ot\u00e1zek\" class=\"da-download-link da-download-attachment-1857\">Soubor \u00fastn\u00edch ot\u00e1zek<\/a> k periodick\u00e9 zkou\u0161ce z odborn\u00e9 zp\u016fsobilosti k zaji\u0161\u0165ov\u00e1n\u00ed \u00fakol\u016f v prevenci rizik<\/td>\n<\/tr>\n<tr>\n<td colspan=\"2\">&nbsp;<\/td>\n<\/tr>\n<tr>\n<td style=\"background-color: #f2f2f2;\" colspan=\"2\"><strong>Spole\u010dn\u00e9 informace ke zkou\u0161k\u00e1m \/ periodick\u00fdm zkou\u0161k\u00e1m<\/strong><\/td>\n<\/tr>\n<tr>\n<td style=\"background-color: #f2f2f2;\" colspan=\"2\"><a href=\"https:\/\/www.asociacebozp-po.cz\/portal\/wp-content\/plugins\/download-attachments\/includes\/download.php?id=96\" attachment_id=\"96\" title=\"ZKU\u0160EBN\u00cd \u0158\u00c1D\" class=\"da-download-link da-download-attachment-96\">ZKU\u0160EBN\u00cd \u0158\u00c1D<\/a> ke zkou\u0161ce (prvn\u00ed) \/ periodick\u00e9 zkou\u0161ce z odborn\u00e9 zp\u016fsobilosti k zaji\u0161\u0165ov\u00e1n\u00ed \u00fakol\u016f v prevenci rizik<\/td>\n<\/tr>\n<tr>\n<td colspan=\"2\">&nbsp;<\/td>\n<\/tr>\n<tr>\n<td style=\"background-color: #2a4187;\" colspan=\"2\"><span style=\"color: #ffffff;\"><strong>P O<\/strong><\/span><\/td>\n<\/tr>\n<tr>\n<td style=\"background-color: #a3f0f0;\" colspan=\"2\"><strong>P\u0159\u00edpravn\u00e9 kurzy ke zkou\u0161k\u00e1m:<\/strong><\/td>\n<\/tr>\n<tr>\n<td style=\"background-color: #f2f2f2;\"><a href=\"http:\/\/www.asociacebozp-po.cz\/portal\/rubrika\/pripravne-kurzy-ke-zkouskam\/pripravny-kurz-ke-zkousce-technik-po\/\">POZV\u00c1NKA<\/a><\/td>\n<td style=\"background-color: #f2f2f2;\">bli\u017e\u0161\u00ed informace a p\u0159ihl\u00e1\u0161ka<\/td>\n<\/tr>\n<tr>\n<td style=\"background-color: #f2f2f2; text-align: right;\" colspan=\"2\"><a href=\"http:\/\/www.asociacebozp-po.cz\/portal\/prihlaska-na-kurz-ke-zkousce-technik-po\/\" rel=\"noopener\">ONLINE P\u0158IHL\u00c1\u0160KA<\/a><\/td>\n<\/tr>\n<\/tbody>\n<\/table>\n<p>&nbsp;<\/p>\n<table>\n<tbody>\n<tr>\n<td style=\"background-color: #ebf0a3;\" colspan=\"3\"><strong>ASOCIACE TECHNIK\u016e BOZP a PO \u010cR, z.s.<\/strong><\/td>\n<\/tr>\n<tr>\n<td style=\"background-color: #f2f2f2;\" colspan=\"3\"><a href=\"https:\/\/www.asociacebozp-po.cz\/portal\/wp-content\/plugins\/download-attachments\/includes\/download.php?id=120\" attachment_id=\"120\" title=\"Stanovy Asociace\" class=\"da-download-link da-download-attachment-120\">Stanovy Asociace<\/a><\/td>\n<\/tr>\n<tr>\n<td style=\"background-color: #f2f2f2;\" colspan=\"3\"><\/td>\n<\/tr>\n<tr>\n<td style=\"background-color: #f2f2f2;\" colspan=\"3\"><a href=\"https:\/\/www.asociacebozp-po.cz\/portal\/wp-content\/plugins\/download-attachments\/includes\/download.php?id=276\" attachment_id=\"276\" title=\"Nab\u00eddka \u010dlenstv\u00ed v Asociaci\" class=\"da-download-link da-download-attachment-276\">Nab\u00eddka \u010dlenstv\u00ed v Asociaci<\/a><\/td>\n<\/tr>\n<tr>\n<td colspan=\"3\">&nbsp;<\/td>\n<\/tr>\n<tr>\n<td style=\"background-color: #f2f2f2;\" colspan=\"3\"><a href=\"https:\/\/www.asociacebozp-po.cz\/portal\/wp-content\/plugins\/download-attachments\/includes\/download.php?id=116\" attachment_id=\"116\" title=\"Rozhodnut\u00ed o ud\u011blen\u00ed akreditace\" class=\"da-download-link da-download-attachment-116\">Rozhodnut\u00ed o ud\u011blen\u00ed akreditace<\/a> &#8211; 2010<\/td>\n<\/tr>\n<tr>\n<td style=\"background-color: #f2f2f2;\" colspan=\"3\"><a href=\"https:\/\/www.asociacebozp-po.cz\/portal\/wp-content\/plugins\/download-attachments\/includes\/download.php?id=117\" attachment_id=\"117\" title=\"Rozhodnut\u00ed o prodlou\u017een\u00ed akreditace\" class=\"da-download-link da-download-attachment-117\">Rozhodnut\u00ed o prodlou\u017een\u00ed akreditace<\/a> &#8211; 2013 (prodlou\u017een\u00ed akreditace o dal\u0161\u00edch 10 let)<\/td>\n<\/tr>\n<\/tbody>\n<\/table>\n<p>&nbsp;<\/p>\n","protected":false},"excerpt":{"rendered":"<p>ODBORN\u00c9 SEMIN\u00c1\u0158E: POZV\u00c1NKA bli\u017e\u0161\u00ed informace a p\u0159ihl\u00e1\u0161ka ONLINE P\u0158IHL\u00c1\u0160KA &nbsp; ZKOU\u0160KY A P\u0158\u00cdPRAVN\u00c9 KURZY &nbsp; B O Z P P\u0159\u00edpravn\u00e9 kurzy ke zkou\u0161k\u00e1m: POZV\u00c1NKA bli\u017e\u0161\u00ed informace a p\u0159ihl\u00e1\u0161ka na p\u0159\u00edpravn\u00fd p\u011btidenn\u00ed kurz z\u00e1jemc\u016f k&nbsp;vykon\u00e1n\u00ed prvn\u00ed zkou\u0161ky ONLINE P\u0158IHL\u00c1\u0160KA &nbsp; POZV\u00c1NKA<\/p>\n","protected":false},"author":1,"featured_media":0,"parent":0,"menu_order":4,"comment_status":"closed","ping_status":"closed","template":"","meta":{"footnotes":""},"class_list":["post-95","page","type-page","status-publish","hentry"],"_links":{"self":[{"href":"https:\/\/www.asociacebozp-po.cz\/portal\/wp-json\/wp\/v2\/pages\/95","targetHints":{"allow":["GET"]}}],"collection":[{"href":"https:\/\/www.asociacebozp-po.cz\/portal\/wp-json\/wp\/v2\/pages"}],"about":[{"href":"https:\/\/www.asociacebozp-po.cz\/portal\/wp-json\/wp\/v2\/types\/page"}],"author":[{"embeddable":true,"href":"https:\/\/www.asociacebozp-po.cz\/portal\/wp-json\/wp\/v2\/users\/1"}],"replies":[{"embeddable":true,"href":"https:\/\/www.asociacebozp-po.cz\/portal\/wp-json\/wp\/v2\/comments?post=95"}],"version-history":[{"count":0,"href":"https:\/\/www.asociacebozp-po.cz\/portal\/wp-json\/wp\/v2\/pages\/95\/revisions"}],"wp:attachment":[{"href":"https:\/\/www.asociacebozp-po.cz\/portal\/wp-json\/wp\/v2\/media?parent=95"}],"curies":[{"name":"wp","href":"https:\/\/api.w.org\/{rel}","templated":true}]}}